{"id":585,"date":"2019-05-17T07:41:46","date_gmt":"2019-05-17T07:41:46","guid":{"rendered":"https:\/\/themerain.com\/demo\/etc\/?page_id=14"},"modified":"2024-06-20T00:39:39","modified_gmt":"2024-06-19T22:39:39","slug":"about","status":"publish","type":"page","link":"https:\/\/arnauddelrue.fr\/index.php\/about\/","title":{"rendered":"A PROPOS"},"content":{"rendered":"\n<div class=\"wp-block-columns has-2-columns is-layout-flex wp-container-core-columns-is-layout-9d6595d7 wp-block-columns-is-layout-flex\">\n<div class=\"wp-block-column is-layout-flow wp-block-column-is-layout-flow\">\n<p>Graphiste retoucheur freelance, sp\u00e9cialis\u00e9 en Beaut\u00e9, je travaille depuis 2011 pour la presse et la publicit\u00e9.<\/p>\n\n\n\n<hr class=\"wp-block-separator has-alpha-channel-opacity\"\/>\n\n\n\n<div style=\"height:50px\" aria-hidden=\"true\" class=\"wp-block-spacer\"><\/div>\n\n\n\n<div class=\"wp-block-columns has-2-columns is-layout-flex wp-container-core-columns-is-layout-9d6595d7 wp-block-columns-is-layout-flex\">\n<div class=\"wp-block-column is-layout-flow wp-block-column-is-layout-flow\">\n<h6 class=\"wp-block-heading has-text-color\" style=\"color:#00ff00\">Selected Clients<\/h6>\n\n\n\n<p>La Roche Posay<br>Buccellati<br>Mustela<br>Li\u00e9rac<br>L\u2019Or\u00e9al<br>Biafine<br>Biotherm<\/p>\n<\/div>\n\n\n\n<div class=\"wp-block-column is-layout-flow wp-block-column-is-layout-flow\">\n<h6 class=\"wp-block-heading has-text-color\" style=\"color:#00ff00\">Selected AGENCIES<\/h6>\n\n\n\n<p>F&amp;B<br>DDB\u00b0<br>Mazarine Mlle No\u00ef<br>La Chose<br>Publicis<br><br><\/p>\n<\/div>\n\n\n\n<div class=\"wp-block-column is-layout-flow wp-block-column-is-layout-flow\">\n<h6 class=\"wp-block-heading has-text-color has-link-color wp-elements-c9b7e1b93ccbe5d8855355949012f90b\" style=\"color:#00ff00\">Selected MAGAZINES<\/h6>\n\n\n\n<p>Marie-Claire<br>Cosmopolitan<br>Figaro Madame<br>Another Mag<\/p>\n<\/div>\n<\/div>\n<\/div>\n<\/div>\n","protected":false},"excerpt":{"rendered":"<p>Graphiste retoucheur freelance, sp\u00e9cialis\u00e9 en Beaut\u00e9, je travaille depuis 2011 pour la<\/p>\n","protected":false},"author":1,"featured_media":0,"parent":0,"menu_order":0,"comment_status":"closed","ping_status":"closed","template":"","meta":{"footnotes":""},"class_list":["post-585","page","type-page","status-publish","hentry"],"_links":{"self":[{"href":"https:\/\/arnauddelrue.fr\/index.php\/wp-json\/wp\/v2\/pages\/585","targetHints":{"allow":["GET"]}}],"collection":[{"href":"https:\/\/arnauddelrue.fr\/index.php\/wp-json\/wp\/v2\/pages"}],"about":[{"href":"https:\/\/arnauddelrue.fr\/index.php\/wp-json\/wp\/v2\/types\/page"}],"author":[{"embeddable":true,"href":"https:\/\/arnauddelrue.fr\/index.php\/wp-json\/wp\/v2\/users\/1"}],"replies":[{"embeddable":true,"href":"https:\/\/arnauddelrue.fr\/index.php\/wp-json\/wp\/v2\/comments?post=585"}],"version-history":[{"count":6,"href":"https:\/\/arnauddelrue.fr\/index.php\/wp-json\/wp\/v2\/pages\/585\/revisions"}],"predecessor-version":[{"id":1290,"href":"https:\/\/arnauddelrue.fr\/index.php\/wp-json\/wp\/v2\/pages\/585\/revisions\/1290"}],"wp:attachment":[{"href":"https:\/\/arnauddelrue.fr\/index.php\/wp-json\/wp\/v2\/media?parent=585"}],"curies":[{"name":"wp","href":"https:\/\/api.w.org\/{rel}","templated":true}]}}